{"id":2685,"date":"2026-04-15T13:56:04","date_gmt":"2026-04-15T10:56:04","guid":{"rendered":"https:\/\/modernmodular.eu\/tietoja-yrityksesta\/"},"modified":"2026-05-06T17:08:06","modified_gmt":"2026-05-06T14:08:06","slug":"tietoja-yrityksesta","status":"publish","type":"page","link":"https:\/\/modernmodular.eu\/fi\/tietoja-yrityksesta\/","title":{"rendered":"Tietoja yrityksest\u00e4"},"content":{"rendered":"\t\t<div data-elementor-type=\"wp-page\" data-elementor-id=\"2685\" class=\"elementor elementor-2685 elementor-1048\" data-elementor-post-type=\"page\">\n\t\t\t\t<div class=\"elementor-element elementor-element-68c8b6b e-flex e-con-boxed e-con e-parent\" data-id=\"68c8b6b\" data-element_type=\"container\" data-e-type=\"container\">\n\t\t\t\t\t<div class=\"e-con-inner\">\n\t\t<div class=\"elementor-element elementor-element-274b61c e-con-full e-flex e-con e-child\" data-id=\"274b61c\" data-element_type=\"container\" data-e-type=\"container\">\n\t\t\t\t<div class=\"elementor-element elementor-element-52c46fe elementor-widget elementor-widget-heading\" data-id=\"52c46fe\" data-element_type=\"widget\" data-e-type=\"widget\" data-widget_type=\"heading.default\">\n\t\t\t\t\t<h2 class=\"elementor-heading-title elementor-size-default\">Modern Modular on yrityksemme Pinska Prefab O\u00dc:n tavaramerkki.\n<\/h2>\t\t\t\t<\/div>\n\t\t\t\t<div class=\"elementor-element elementor-element-96b7ea8 elementor-widget elementor-widget-text-editor\" data-id=\"96b7ea8\" data-element_type=\"widget\" data-e-type=\"widget\" data-widget_type=\"text-editor.default\">\n\t\t\t\t\t\t\t\t\t<p>Pinska Prefab on osa vuonna 1999 perustettua puuyhti\u00f6t\u00e4. Vuosien varrella olemme kehittyneet pienest\u00e4 sahasta yritysten kokonaisuudeksi, jonka tavoitteena on puun arvon lis\u00e4\u00e4minen entisest\u00e4\u00e4n.  <\/p><p>Konsernissamme on noin 50 ty\u00f6ntekij\u00e4\u00e4, ja se on jatkuvasti kasvava yritys.<\/p><p>Karkeasti ottaen tuotantomme jaetaan viiteen ryhm\u00e4\u00e4n:<br>\u2013 sahatavaratuotanto<br>\u2013 kattoristikoiden tuotanto<br>\u2013 liimapuun tuotanto<br>\u2013 maalattujen ja maalaamattomien ulkoverhousten tuotanto<br>\u2013 elementti- ja moduulitalojen tuotanto.<\/p><p>Koko konsernin vuosittainen liikevaihto on noin 20 miljoonaa euroa, ja t\u00e4rkeimm\u00e4t vientikumppanimme ovat Skandinavian maat ja Keski-Euroopan maat.<\/p><p>Kehit\u00e4mme jatkuvasti uusia talotyyppej\u00e4 portfolioomme \u2013 kaikki tiiviiss\u00e4 yhteisty\u00f6ss\u00e4 asiakkaidemme toiveiden kanssa.<\/p>\t\t\t\t\t\t\t\t<\/div>\n\t\t\t\t<\/div>\n\t\t<div class=\"elementor-element elementor-element-063d450 e-con-full e-flex e-con e-child\" data-id=\"063d450\" data-element_type=\"container\" data-e-type=\"container\">\n\t\t\t\t<div class=\"elementor-element elementor-element-299d54d elementor-widget elementor-widget-video\" data-id=\"299d54d\" data-element_type=\"widget\" data-e-type=\"widget\" data-settings=\"{&quot;youtube_url&quot;:&quot;https:\\\/\\\/www.youtube.com\\\/watch?v=pHBOshvpuVc&quot;,&quot;video_type&quot;:&quot;youtube&quot;,&quot;controls&quot;:&quot;yes&quot;}\" data-widget_type=\"video.default\">\n\t\t\t\t\t\t\t<div class=\"elementor-wrapper elementor-open-inline\">\n\t\t\t<div class=\"elementor-video\"><\/div>\t\t<\/div>\n\t\t\t\t\t\t<\/div>\n\t\t\t\t<\/div>\n\t\t\t\t\t<\/div>\n\t\t\t\t<\/div>\n\t\t\t\t<\/div>\n\t\t","protected":false},"excerpt":{"rendered":"<p>Modern Modular on yrityksemme Pinska Prefab O\u00dc:n tavaramerkki. Pinska Prefab on osa vuonna 1999 perustettua puuyhti\u00f6t\u00e4. Vuosien varrella olemme kehittyneet pienest\u00e4 sahasta yritysten kokonaisuudeksi, jonka tavoitteena on puun arvon lis\u00e4\u00e4minen entisest\u00e4\u00e4n. Konsernissamme on noin 50 ty\u00f6ntekij\u00e4\u00e4, ja se on jatkuvasti kasvava yritys. Karkeasti ottaen tuotantomme jaetaan viiteen ryhm\u00e4\u00e4n:\u2013 sahatavaratuotanto\u2013 kattoristikoiden tuotanto\u2013 liimapuun tuotanto\u2013 maalattujen ja [&hellip;]<\/p>\n","protected":false},"author":1,"featured_media":2683,"parent":0,"menu_order":0,"comment_status":"closed","ping_status":"closed","template":"","meta":{"_acf_changed":false,"footnotes":""},"class_list":["post-2685","page","type-page","status-publish","has-post-thumbnail","hentry"],"acf":[],"yoast_head":"<!-- This site is optimized with the Yoast SEO plugin v27.5 - https:\/\/yoast.com\/product\/yoast-seo-wordpress\/ -->\n<title>Tietoja yrityksest\u00e4 - Modern Modular<\/title>\n<meta name=\"robots\" content=\"index, follow, max-snippet:-1, max-image-preview:large, max-video-preview:-1\" \/>\n<link rel=\"canonical\" href=\"https:\/\/modernmodular.eu\/fi\/tietoja-yrityksesta\/\" \/>\n<meta property=\"og:locale\" content=\"fi_FI\" \/>\n<meta property=\"og:type\" content=\"article\" \/>\n<meta property=\"og:title\" content=\"Tietoja yrityksest\u00e4 - Modern Modular\" \/>\n<meta property=\"og:description\" content=\"Modern Modular on yrityksemme Pinska Prefab O\u00dc:n tavaramerkki. Pinska Prefab on osa vuonna 1999 perustettua puuyhti\u00f6t\u00e4. Vuosien varrella olemme kehittyneet pienest\u00e4 sahasta yritysten kokonaisuudeksi, jonka tavoitteena on puun arvon lis\u00e4\u00e4minen entisest\u00e4\u00e4n. Konsernissamme on noin 50 ty\u00f6ntekij\u00e4\u00e4, ja se on jatkuvasti kasvava yritys. Karkeasti ottaen tuotantomme jaetaan viiteen ryhm\u00e4\u00e4n:\u2013 sahatavaratuotanto\u2013 kattoristikoiden tuotanto\u2013 liimapuun tuotanto\u2013 maalattujen ja [&hellip;]\" \/>\n<meta property=\"og:url\" content=\"https:\/\/modernmodular.eu\/fi\/tietoja-yrityksesta\/\" \/>\n<meta property=\"og:site_name\" content=\"Modern Modular\" \/>\n<meta property=\"article:modified_time\" content=\"2026-05-06T14:08:06+00:00\" \/>\n<meta property=\"og:image\" content=\"https:\/\/modernmodular.eu\/wp-content\/uploads\/2023\/09\/moodulmaja-M54-1.jpg\" \/>\n\t<meta property=\"og:image:width\" content=\"1920\" \/>\n\t<meta property=\"og:image:height\" content=\"1080\" \/>\n\t<meta property=\"og:image:type\" content=\"image\/jpeg\" \/>\n<meta name=\"twitter:card\" content=\"summary_large_image\" \/>\n<meta name=\"twitter:label1\" content=\"Arvioitu lukuaika\" \/>\n\t<meta name=\"twitter:data1\" content=\"1 minuutti\" \/>\n<script type=\"application\/ld+json\" class=\"yoast-schema-graph\">{\"@context\":\"https:\\\/\\\/schema.org\",\"@graph\":[{\"@type\":\"WebPage\",\"@id\":\"https:\\\/\\\/modernmodular.eu\\\/fi\\\/tietoja-yrityksesta\\\/\",\"url\":\"https:\\\/\\\/modernmodular.eu\\\/fi\\\/tietoja-yrityksesta\\\/\",\"name\":\"Tietoja yrityksest\u00e4 - Modern Modular\",\"isPartOf\":{\"@id\":\"https:\\\/\\\/modernmodular.eu\\\/fi\\\/#website\"},\"primaryImageOfPage\":{\"@id\":\"https:\\\/\\\/modernmodular.eu\\\/fi\\\/tietoja-yrityksesta\\\/#primaryimage\"},\"image\":{\"@id\":\"https:\\\/\\\/modernmodular.eu\\\/fi\\\/tietoja-yrityksesta\\\/#primaryimage\"},\"thumbnailUrl\":\"https:\\\/\\\/modernmodular.eu\\\/wp-content\\\/uploads\\\/2023\\\/09\\\/moodulmaja-M54-1.jpg\",\"datePublished\":\"2026-04-15T10:56:04+00:00\",\"dateModified\":\"2026-05-06T14:08:06+00:00\",\"breadcrumb\":{\"@id\":\"https:\\\/\\\/modernmodular.eu\\\/fi\\\/tietoja-yrityksesta\\\/#breadcrumb\"},\"inLanguage\":\"fi\",\"potentialAction\":[{\"@type\":\"ReadAction\",\"target\":[\"https:\\\/\\\/modernmodular.eu\\\/fi\\\/tietoja-yrityksesta\\\/\"]}]},{\"@type\":\"ImageObject\",\"inLanguage\":\"fi\",\"@id\":\"https:\\\/\\\/modernmodular.eu\\\/fi\\\/tietoja-yrityksesta\\\/#primaryimage\",\"url\":\"https:\\\/\\\/modernmodular.eu\\\/wp-content\\\/uploads\\\/2023\\\/09\\\/moodulmaja-M54-1.jpg\",\"contentUrl\":\"https:\\\/\\\/modernmodular.eu\\\/wp-content\\\/uploads\\\/2023\\\/09\\\/moodulmaja-M54-1.jpg\",\"width\":1920,\"height\":1080,\"caption\":\"Moodulmaja M54 1\"},{\"@type\":\"BreadcrumbList\",\"@id\":\"https:\\\/\\\/modernmodular.eu\\\/fi\\\/tietoja-yrityksesta\\\/#breadcrumb\",\"itemListElement\":[{\"@type\":\"ListItem\",\"position\":1,\"name\":\"Avaleht\",\"item\":\"https:\\\/\\\/modernmodular.eu\\\/fi\\\/kotiin\\\/\"},{\"@type\":\"ListItem\",\"position\":2,\"name\":\"Tietoja yrityksest\u00e4\"}]},{\"@type\":\"WebSite\",\"@id\":\"https:\\\/\\\/modernmodular.eu\\\/fi\\\/#website\",\"url\":\"https:\\\/\\\/modernmodular.eu\\\/fi\\\/\",\"name\":\"Modern Modular\",\"description\":\"Moodulmajad aastaringseks elamiseks\",\"publisher\":{\"@id\":\"https:\\\/\\\/modernmodular.eu\\\/fi\\\/#organization\"},\"potentialAction\":[{\"@type\":\"SearchAction\",\"target\":{\"@type\":\"EntryPoint\",\"urlTemplate\":\"https:\\\/\\\/modernmodular.eu\\\/fi\\\/?s={search_term_string}\"},\"query-input\":{\"@type\":\"PropertyValueSpecification\",\"valueRequired\":true,\"valueName\":\"search_term_string\"}}],\"inLanguage\":\"fi\"},{\"@type\":\"Organization\",\"@id\":\"https:\\\/\\\/modernmodular.eu\\\/fi\\\/#organization\",\"name\":\"Pinska Prefab O\u00dc\",\"url\":\"https:\\\/\\\/modernmodular.eu\\\/fi\\\/\",\"logo\":{\"@type\":\"ImageObject\",\"inLanguage\":\"fi\",\"@id\":\"https:\\\/\\\/modernmodular.eu\\\/fi\\\/#\\\/schema\\\/logo\\\/image\\\/\",\"url\":\"https:\\\/\\\/modernmodular.eu\\\/wp-content\\\/uploads\\\/2026\\\/04\\\/Modern-Modular-logo-2.png\",\"contentUrl\":\"https:\\\/\\\/modernmodular.eu\\\/wp-content\\\/uploads\\\/2026\\\/04\\\/Modern-Modular-logo-2.png\",\"width\":434,\"height\":172,\"caption\":\"Pinska Prefab O\u00dc\"},\"image\":{\"@id\":\"https:\\\/\\\/modernmodular.eu\\\/fi\\\/#\\\/schema\\\/logo\\\/image\\\/\"}}]}<\/script>\n<!-- \/ Yoast SEO plugin. -->","yoast_head_json":{"title":"Tietoja yrityksest\u00e4 - Modern Modular","robots":{"index":"index","follow":"follow","max-snippet":"max-snippet:-1","max-image-preview":"max-image-preview:large","max-video-preview":"max-video-preview:-1"},"canonical":"https:\/\/modernmodular.eu\/fi\/tietoja-yrityksesta\/","og_locale":"fi_FI","og_type":"article","og_title":"Tietoja yrityksest\u00e4 - Modern Modular","og_description":"Modern Modular on yrityksemme Pinska Prefab O\u00dc:n tavaramerkki. Pinska Prefab on osa vuonna 1999 perustettua puuyhti\u00f6t\u00e4. Vuosien varrella olemme kehittyneet pienest\u00e4 sahasta yritysten kokonaisuudeksi, jonka tavoitteena on puun arvon lis\u00e4\u00e4minen entisest\u00e4\u00e4n. Konsernissamme on noin 50 ty\u00f6ntekij\u00e4\u00e4, ja se on jatkuvasti kasvava yritys. Karkeasti ottaen tuotantomme jaetaan viiteen ryhm\u00e4\u00e4n:\u2013 sahatavaratuotanto\u2013 kattoristikoiden tuotanto\u2013 liimapuun tuotanto\u2013 maalattujen ja [&hellip;]","og_url":"https:\/\/modernmodular.eu\/fi\/tietoja-yrityksesta\/","og_site_name":"Modern Modular","article_modified_time":"2026-05-06T14:08:06+00:00","og_image":[{"width":1920,"height":1080,"url":"https:\/\/modernmodular.eu\/wp-content\/uploads\/2023\/09\/moodulmaja-M54-1.jpg","type":"image\/jpeg"}],"twitter_card":"summary_large_image","twitter_misc":{"Arvioitu lukuaika":"1 minuutti"},"schema":{"@context":"https:\/\/schema.org","@graph":[{"@type":"WebPage","@id":"https:\/\/modernmodular.eu\/fi\/tietoja-yrityksesta\/","url":"https:\/\/modernmodular.eu\/fi\/tietoja-yrityksesta\/","name":"Tietoja yrityksest\u00e4 - Modern Modular","isPartOf":{"@id":"https:\/\/modernmodular.eu\/fi\/#website"},"primaryImageOfPage":{"@id":"https:\/\/modernmodular.eu\/fi\/tietoja-yrityksesta\/#primaryimage"},"image":{"@id":"https:\/\/modernmodular.eu\/fi\/tietoja-yrityksesta\/#primaryimage"},"thumbnailUrl":"https:\/\/modernmodular.eu\/wp-content\/uploads\/2023\/09\/moodulmaja-M54-1.jpg","datePublished":"2026-04-15T10:56:04+00:00","dateModified":"2026-05-06T14:08:06+00:00","breadcrumb":{"@id":"https:\/\/modernmodular.eu\/fi\/tietoja-yrityksesta\/#breadcrumb"},"inLanguage":"fi","potentialAction":[{"@type":"ReadAction","target":["https:\/\/modernmodular.eu\/fi\/tietoja-yrityksesta\/"]}]},{"@type":"ImageObject","inLanguage":"fi","@id":"https:\/\/modernmodular.eu\/fi\/tietoja-yrityksesta\/#primaryimage","url":"https:\/\/modernmodular.eu\/wp-content\/uploads\/2023\/09\/moodulmaja-M54-1.jpg","contentUrl":"https:\/\/modernmodular.eu\/wp-content\/uploads\/2023\/09\/moodulmaja-M54-1.jpg","width":1920,"height":1080,"caption":"Moodulmaja M54 1"},{"@type":"BreadcrumbList","@id":"https:\/\/modernmodular.eu\/fi\/tietoja-yrityksesta\/#breadcrumb","itemListElement":[{"@type":"ListItem","position":1,"name":"Avaleht","item":"https:\/\/modernmodular.eu\/fi\/kotiin\/"},{"@type":"ListItem","position":2,"name":"Tietoja yrityksest\u00e4"}]},{"@type":"WebSite","@id":"https:\/\/modernmodular.eu\/fi\/#website","url":"https:\/\/modernmodular.eu\/fi\/","name":"Modern Modular","description":"Moodulmajad aastaringseks elamiseks","publisher":{"@id":"https:\/\/modernmodular.eu\/fi\/#organization"},"potentialAction":[{"@type":"SearchAction","target":{"@type":"EntryPoint","urlTemplate":"https:\/\/modernmodular.eu\/fi\/?s={search_term_string}"},"query-input":{"@type":"PropertyValueSpecification","valueRequired":true,"valueName":"search_term_string"}}],"inLanguage":"fi"},{"@type":"Organization","@id":"https:\/\/modernmodular.eu\/fi\/#organization","name":"Pinska Prefab O\u00dc","url":"https:\/\/modernmodular.eu\/fi\/","logo":{"@type":"ImageObject","inLanguage":"fi","@id":"https:\/\/modernmodular.eu\/fi\/#\/schema\/logo\/image\/","url":"https:\/\/modernmodular.eu\/wp-content\/uploads\/2026\/04\/Modern-Modular-logo-2.png","contentUrl":"https:\/\/modernmodular.eu\/wp-content\/uploads\/2026\/04\/Modern-Modular-logo-2.png","width":434,"height":172,"caption":"Pinska Prefab O\u00dc"},"image":{"@id":"https:\/\/modernmodular.eu\/fi\/#\/schema\/logo\/image\/"}}]}},"_links":{"self":[{"href":"https:\/\/modernmodular.eu\/fi\/wp-json\/wp\/v2\/pages\/2685","targetHints":{"allow":["GET"]}}],"collection":[{"href":"https:\/\/modernmodular.eu\/fi\/wp-json\/wp\/v2\/pages"}],"about":[{"href":"https:\/\/modernmodular.eu\/fi\/wp-json\/wp\/v2\/types\/page"}],"author":[{"embeddable":true,"href":"https:\/\/modernmodular.eu\/fi\/wp-json\/wp\/v2\/users\/1"}],"replies":[{"embeddable":true,"href":"https:\/\/modernmodular.eu\/fi\/wp-json\/wp\/v2\/comments?post=2685"}],"version-history":[{"count":3,"href":"https:\/\/modernmodular.eu\/fi\/wp-json\/wp\/v2\/pages\/2685\/revisions"}],"predecessor-version":[{"id":2709,"href":"https:\/\/modernmodular.eu\/fi\/wp-json\/wp\/v2\/pages\/2685\/revisions\/2709"}],"wp:featuredmedia":[{"embeddable":true,"href":"https:\/\/modernmodular.eu\/fi\/wp-json\/wp\/v2\/media\/2683"}],"wp:attachment":[{"href":"https:\/\/modernmodular.eu\/fi\/wp-json\/wp\/v2\/media?parent=2685"}],"curies":[{"name":"wp","href":"https:\/\/api.w.org\/{rel}","templated":true}]}}